{"id":9194,"date":"2023-03-20T15:49:42","date_gmt":"2023-03-20T14:49:42","guid":{"rendered":"https:\/\/bendiro.se\/faq\/"},"modified":"2026-01-15T11:57:42","modified_gmt":"2026-01-15T10:57:42","slug":"faq","status":"publish","type":"page","link":"https:\/\/bendiro.se\/de\/faq\/","title":{"rendered":"FAQ"},"content":{"rendered":"<div  class=\"tatsu-BJbFmmeUl2 tatsu-section  tatsu-bg-overlay   tatsu-clearfix\" data-title=\"\"  data-headerscheme=\"background--dark\"><div class='tatsu-section-pad clearfix' data-padding='{\"d\":\"200px 0px 200px 0px\"}' data-padding-top='200px'><div class=\"tatsu-row-wrap  tatsu-wrap tatsu-row-one-col tatsu-row-has-one-cols tatsu-medium-gutter tatsu-reg-cols  tatsu-clearfix tatsu-ryetXXl8l3\" ><div  class=\"tatsu-row \" ><div  class=\"tatsu-column  tatsu-bg-overlay tatsu-one-col tatsu-column-image-none tatsu-column-effect-none  tatsu-SkYQ7g8ln\"  data-parallax-speed=\"0\" style=\"\"><div class=\"tatsu-column-inner \" ><div class=\"tatsu-column-pad-wrap\"><div class=\"tatsu-column-pad\" ><div  class=\"tatsu-module tatsu-text-block-wrap tatsu-H1TQmeIe2  \"><div class=\"tatsu-text-inner tatsu-align-center  clearfix\" ><style>.tatsu-H1TQmeIe2.tatsu-text-block-wrap .tatsu-text-inner{width: 100%;text-align: left;}<\/style>\n<h1>FAQ<\/h1>\n<\/div><\/div><div  class=\"tatsu-module tatsu-text-block-wrap tatsu-BkNSVxUg2  \"><div class=\"tatsu-text-inner   clearfix\" ><style>.tatsu-BkNSVxUg2.tatsu-text-block-wrap .tatsu-text-inner{width: 57%;text-align: left;color: rgba(255,255,255,1) ;}.tatsu-BkNSVxUg2 .tatsu-text-inner *{color: rgba(255,255,255,1) ;}@media only screen and (min-width:768px) and (max-width: 1024px) {.tatsu-BkNSVxUg2.tatsu-text-block-wrap .tatsu-text-inner{width: 93%;}}@media only screen and (max-width: 767px) {.tatsu-BkNSVxUg2.tatsu-text-block-wrap .tatsu-text-inner{width: 100%;}}<\/style>\n<h5>Nutzen Sie die Gelegenheit, mehr \u00fcber die M\u00f6glichkeiten der Rollformung zu erfahren. Hier haben wir die h\u00e4ufigsten Fragen und Antworten f\u00fcr Sie zusammengestellt.<\/h5>\n<\/div><\/div><\/div><\/div><div class = \"tatsu-column-bg-image-wrap\"><div class = \"tatsu-column-bg-image tatsu-bg-lazyload\" data-src = \"\"><\/div><\/div><div class=\"tatsu-overlay tatsu-column-overlay tatsu-animate-none\" ><\/div><\/div><style>.tatsu-row > .tatsu-SkYQ7g8ln.tatsu-column{width: 100%;}.tatsu-SkYQ7g8ln.tatsu-column > .tatsu-column-inner > .tatsu-column-overlay{mix-blend-mode: normal;}.tatsu-SkYQ7g8ln > .tatsu-column-inner > .tatsu-top-divider{z-index: 9999;}.tatsu-SkYQ7g8ln > .tatsu-column-inner > .tatsu-bottom-divider{z-index: 9999;}.tatsu-SkYQ7g8ln > .tatsu-column-inner > .tatsu-left-divider{z-index: 9999;}.tatsu-SkYQ7g8ln > .tatsu-column-inner > .tatsu-right-divider{z-index: 9999;}@media only screen and (max-width:1377px) {.tatsu-row > .tatsu-SkYQ7g8ln.tatsu-column{width: 100%;}}@media only screen and (min-width:768px) and (max-width: 1024px) {.tatsu-row > .tatsu-SkYQ7g8ln.tatsu-column{width: 100%;}}@media only screen and (max-width: 767px) {.tatsu-row > .tatsu-SkYQ7g8ln.tatsu-column{width: 100%;}}<\/style><\/div><\/div><\/div><\/div><div class=\"tatsu-section-background-wrap\"><div class = \"tatsu-bg-blur\" style = \"background-image : url(data:image\/jpeg;base64,\/9j\/4AAQSkZJRgABAQEAYABgAAD\/\/gA7Q1JFQVRPUjogZ2QtanBlZyB2MS4wICh1c2luZyBJSkcgSlBFRyB2NjIpLCBxdWFsaXR5ID0gODIK\/9sAQwAGBAQFBAQGBQUFBgYGBwkOCQkICAkSDQ0KDhUSFhYVEhQUFxohHBcYHxkUFB0nHR8iIyUlJRYcKSwoJCshJCUk\/9sAQwEGBgYJCAkRCQkRJBgUGCQkJCQkJCQkJCQkJCQkJCQkJCQkJCQkJCQkJCQkJCQkJCQkJCQkJCQkJCQkJCQkJCQk\/8AAEQgAIQAyAwEiAAIRAQMRAf\/EAB8AAAEFAQEBAQEBAAAAAAAAAAABAgMEBQYHCAkKC\/\/EALUQAAIBAwMCBAMFBQQEAAABfQECAwAEEQUSITFBBhNRYQcicRQygZGhCCNCscEVUtHwJDNicoIJChYXGBkaJSYnKCkqNDU2Nzg5OkNERUZHSElKU1RVVldYWVpjZGVmZ2hpanN0dXZ3eHl6g4SFhoeIiYqSk5SVlpeYmZqio6Slpqeoqaqys7S1tre4ubrCw8TFxsfIycrS09TV1tfY2drh4uPk5ebn6Onq8fLz9PX29\/j5+v\/EAB8BAAMBAQEBAQEBAQEAAAAAAAABAgMEBQYHCAkKC\/\/EALURAAIBAgQEAwQHBQQEAAECdwABAgMRBAUhMQYSQVEHYXETIjKBCBRCkaGxwQkjM1LwFWJy0QoWJDThJfEXGBkaJicoKSo1Njc4OTpDREVGR0hJSlNUVVZXWFlaY2RlZmdoaWpzdHV2d3h5eoKDhIWGh4iJipKTlJWWl5iZmqKjpKWmp6ipqrKztLW2t7i5usLDxMXGx8jJytLT1NXW19jZ2uLj5OXm5+jp6vLz9PX29\/j5+v\/aAAwDAQACEQMRAD8A9t05tEExiJWN1G4rNGY+P+BAV0kqWQtPnWERhc5OMYx1rwHW9D1eC9uTLbxzPcktHcq4C\/McLkk8HpVHx38ST4bgtNJuI2uZtsU7bJjhUwOM8jJwf585rao7bIUI3TbZ6ZP4s0y6jlbSLNp5Y3Kp5gCI59uc\/pXIeB\/EOqap401a0N68MUfzsHt1Xy1OcAEH2Gc45z71x0fxc0y6hFpp9oILMRAPbAMJt2cnaQfmJz69vwqvFq1tpWsHVZk1WDUNSAQJJAjNJyMLsPfoMEc1MJSbbtoXyRjFJvXrY9P+Kmt3tlLpVvHfQAGZg0tqwDMQOjAdD14zz+lYm43\/AIF1GKNpHuGvlVhzkr5a9e\/f9a5DxffXDwWE\/nzI01xIUtnREWH5FOFUdO+RnuPWqmj3mnXF1c3mvSRtI8kaxxPvCFj97KjG446Y9D6ivcoTpwwaqpp6\/fZnk14TliHSaauvuudlbeFNGa3iL6zYwsUBMZibKHHT8KK5aS48ERSMhudJypIP+jXP\/wAVRWf13EdvwRX1Wj\/TZ0vhTxPLqVpPPJp1zA+6NUklczYkIXaOmFGAD9cV5rN4Sl8U+L9X0xbyK0mtB5hFwDg5PzBcZ4DN+ox6V7\/okemwWS2UNqDbgY2vghvc+pr5y+MlteWvxA1j7FFcxxjysvGxPBiTgnr19a8eV7aHp3V7sh1XwB\/YS\/N4gsLq\/jZXjtIA2W5AyzMBgdfrivRdMm8Xt4agtrm+0i4ZT9oiuZ086aE7t2UcjK+mfyrxTw9YT3C3UiJLLLGFlbaMkLnGST0G4qPxrvPCOuazeYtYEmlW3Vd7qhKoSvUn0Pf65raFFKCk3cylUvNxSseixfEFD5Nn8QdCsrmxlfbFqcKApHnpuzwPTOQfbvWT4gtvBd\/dPF4W1CS1uLeJpHfZJLHxj5Vyc+nI45HNJp+qPLayRzrGLTkPHM65Qn2YjKn\/ACKoXVh4c8O3KO8UMdxOctCYPOt7hMcZXOFYHkFSMfSrtHl1difevdHmLvOXYzSAS5+cCTgN370V1suneHXldlu5IgWJCLbghfYZJOPqc0V1rM6iVrR+4weBi9bs+g\/D\/wB2Ovnj42\/8lG1r\/fi\/9FJRRXmSOxmB4O\/5Bmt\/7kf\/ALPXs2hf8itpX\/XI\/wAhRRXSv4UTJfGzifiV1f8A3x\/6Ctcbcf8AHjB9f6UUVjM0W5kt94\/Wiiisyj\/\/2Q==);\"\"><\/div><div class = \"tatsu-section-background tatsu-bg-lazyload\" data-src = \"https:\/\/bendiro.se\/wp-content\/uploads\/2025\/09\/bendiro_rollforming99.jpg\"><\/div><\/div><div class=\"tatsu-overlay tatsu-section-overlay\"><\/div><style>.tatsu-BJbFmmeUl2.tatsu-section{background-color: rgba(49,50,51,1);}.tatsu-BJbFmmeUl2 .tatsu-section-background{background-image: url(https:\/\/bendiro.se\/wp-content\/uploads\/2025\/09\/bendiro_rollforming99.jpg);background-repeat: no-repeat;background-attachment: fixed;background-position: center center;background-size: cover;}.tatsu-BJbFmmeUl2 .tatsu-bg-blur{background-repeat: no-repeat;background-attachment: fixed;background-position: center center;background-size: cover;}.tatsu-BJbFmmeUl2 .tatsu-section-pad{padding: 200px 0px 200px 0px;}.tatsu-BJbFmmeUl2 .tatsu-section-offset-wrap{transform: translateY(-0px);}.tatsu-BJbFmmeUl2 > .tatsu-bottom-divider{z-index: 9999;}.tatsu-BJbFmmeUl2 > .tatsu-top-divider{z-index: 9999;}.tatsu-BJbFmmeUl2 .tatsu-section-overlay{background: rgba(0,0,0,0.65);mix-blend-mode: normal;}<\/style><\/div><div  class=\"tatsu-HkZKKygIeh tatsu-section  tatsu-bg-overlay   tatsu-clearfix\" data-title=\"\"  data-headerscheme=\"background--dark\"><div class='tatsu-section-pad clearfix' data-padding='{\"d\":\"90px 0px 90px 0px\"}' data-padding-top='90px'><div class=\"tatsu-row-wrap  tatsu-wrap tatsu-row-one-col tatsu-row-has-one-cols tatsu-medium-gutter tatsu-reg-cols  tatsu-clearfix tatsu-H1ett1xIxh\" ><div  class=\"tatsu-row \" ><div  class=\"tatsu-column  tatsu-bg-overlay tatsu-one-col tatsu-column-image-none tatsu-column-effect-none  tatsu-BJFKklUe3\"  data-parallax-speed=\"0\" style=\"\"><div class=\"tatsu-column-inner \" ><div class=\"tatsu-column-pad-wrap\"><div class=\"tatsu-column-pad\" ><div  class=\"tatsu-module tatsu-text-block-wrap tatsu-B11zel8gh  \"><div class=\"tatsu-text-inner   clearfix\" ><style>.tatsu-B11zel8gh.tatsu-text-block-wrap .tatsu-text-inner{width: 53%;text-align: left;}@media only screen and (min-width:768px) and (max-width: 1024px) {.tatsu-B11zel8gh.tatsu-text-block-wrap .tatsu-text-inner{width: 100%;}}@media only screen and (max-width: 767px) {.tatsu-B11zel8gh.tatsu-text-block-wrap .tatsu-text-inner{width: 100%;}}<\/style>\n<p>Nat\u00fcrlich gibt es weit mehr zu erfahren \u2013 sowohl \u00fcber das Rollformen, als auch \u00fcber Bendiros M\u00f6glichkeiten, Profile ganz nach Kundenwunsch herzustellen. Sollten Sie keine passende Antwort finden, dann helfen wir Ihnen gerne weiter. Unsere Kontaktdaten finden Sie hier.<\/p>\n<\/div><\/div><div  class=\"tatsu-module tatsu-text-block-wrap tatsu-rJcFNk473  \"><div class=\"tatsu-text-inner   clearfix\" ><style>.tatsu-rJcFNk473.tatsu-text-block-wrap .tatsu-text-inner{width: 62%;text-align: left;color: rgba(43,182,183,1) ;}.tatsu-rJcFNk473 .tatsu-text-inner *{color: rgba(43,182,183,1) ;}.tatsu-rJcFNk473.tatsu-text-block-wrap .tatsu-text-inner *{text-transform : uppercase;font-size : 20px;}@media only screen and (max-width: 767px) {.tatsu-rJcFNk473.tatsu-text-block-wrap .tatsu-text-inner{width: 100%;}}<\/style>\n<p><strong>HERSTELLUNG<\/strong><\/p>\n<\/div><\/div><div  class=\"tatsu-module tatsu-accordion tatsu-accordion-style2 tatsu-r1Mjckg8xh   \"  ><style>.tatsu-r1Mjckg8xh .accordion-head:hover{color: rgba(43,182,183,1) ;}.tatsu-r1Mjckg8xh .accordion-content.ui-accordion-content{border-color: #CACACA; }.tatsu-r1Mjckg8xh .accordion-head.ui-accordion-header{border-color: #CACACA; }.tatsu-r1Mjckg8xh.tatsu-module{margin: 0px 0px 30px 0px;}<\/style><div data-collapsed=\"1\" class = \"tatsu-accordion-inner\"><h3 class=\"accordion-head h6\">WIE FUNKTIONIERT ROLLFORMEN?<span class = \"tatsu-accordion-expand\"><\/span><\/h3><div class = \"accordion-content body\" ><div class = \"accordion-content-inner \">\n<p>Bei der Rollformung wird ein Bandblech durch sukzessives Umformen zu einem D\u00fcnnblechprofil geformt. Das Blech l\u00e4uft durch mehrere angetriebene Walzenpaare mit speziell profilierten Werkzeugen.<\/p>\n<p><img loading=\"lazy\" decoding=\"async\" class=\"alignnone size-medium wp-image-7636\" src=\"https:\/\/bendiro.se\/wp-content\/uploads\/2023\/04\/rullformning_fungerar-269x300.jpg\" alt=\"\" width=\"269\" height=\"300\" srcset=\"https:\/\/bendiro.se\/wp-content\/uploads\/2023\/04\/rullformning_fungerar-269x300.jpg 269w, https:\/\/bendiro.se\/wp-content\/uploads\/2023\/04\/rullformning_fungerar-768x858.jpg 768w, https:\/\/bendiro.se\/wp-content\/uploads\/2023\/04\/rullformning_fungerar-45x50.jpg 45w, https:\/\/bendiro.se\/wp-content\/uploads\/2023\/04\/rullformning_fungerar-650x726.jpg 650w, https:\/\/bendiro.se\/wp-content\/uploads\/2023\/04\/rullformning_fungerar-50x56.jpg 50w, https:\/\/bendiro.se\/wp-content\/uploads\/2023\/04\/rullformning_fungerar.jpg 888w\" sizes=\"auto, (max-width: 269px) 100vw, 269px\" \/><\/p>\n<p><span style=\"color: #2bb6b7;\"><a style=\"color: #2bb6b7;\" href=\"https:\/\/bendiro.se\/de\/produktion\/#film\">Film ansehen<\/a><\/span><\/p>\n<p>\u00a0<\/p>\n<\/div><\/div><h3 class=\"accordion-head h6\">WAS BEDEUTET ES, DASS ROLLFORMEN EINE \u201eSCHONENDE UMFORMUNGSMETHODE\u201c IST?<span class = \"tatsu-accordion-expand\"><\/span><\/h3><div class = \"accordion-content body\" ><div class = \"accordion-content-inner \">\n<p>Da die Umformung in vielen kleinen Schritten erfolgt, bei denen nur die abgekantete Ecke allm\u00e4hlich beeinflusst wird, bleiben die \u00fcbrigen Profilteile unbeeintr\u00e4chtigt. So wird das Material \u201egeschont\u201c und es wird weniger Kraft und Energie ben\u00f6tigt, um auch bei harten Werkstoffen komplexe Formen zu erzeugen.<\/p>\n<p>Ein positiver Nebeneffekt dieser schonenden Umformung ist die lange Lebensdauer der Werkzeuge.<\/p>\n<p><span style=\"color: #2bb6b7;\"><a style=\"color: #2bb6b7;\" href=\"https:\/\/bendiro.se\/de\/produktion\/rollformung\/\">M<span style=\"color: #2bb6b7;\">ehr erfahren<\/span><\/a><\/span><\/p>\n<\/div><\/div><h3 class=\"accordion-head h6\">BIS ZU WELCHER BREITE UND H\u00d6HE KANN BENDIRO ROLLFORMEN?<span class = \"tatsu-accordion-expand\"><\/span><\/h3><div class = \"accordion-content body\" ><div class = \"accordion-content-inner \">\n<p>Bendiro kann Profile mit einer fertigen Breite von \u00fcber 300 mm (max. Materialeingangsbreite 450 mm) und einer H\u00f6he von \u00fcber 100 mm herstellen.<\/p>\n<p><span style=\"color: #2bb6b7;\"><a style=\"color: #2bb6b7;\" href=\"https:\/\/bendiro.se\/de\/produktion\/fakten\/\">Mehr erfahren<\/a><\/span><\/p>\n<\/div><\/div><h3 class=\"accordion-head h6\">WIE LANG K\u00d6NNEN DIE PROFILE SEIN?<span class = \"tatsu-accordion-expand\"><\/span><\/h3><div class = \"accordion-content body\" ><div class = \"accordion-content-inner \">\n<p>Rollformen ist grunds\u00e4tzlich unabh\u00e4ngig von der L\u00e4nge. Bendiro kann Profile von 200 mm bis zu 12.000 mm L\u00e4nge fertigen und liefern.<\/p>\n<p><a href=\"https:\/\/bendiro.se\/de\/produktion\/fakten\/\"><span style=\"color: #2bb6b7;\">Mehr erfahren<\/span><\/a><\/p>\n<\/div><\/div><h3 class=\"accordion-head h6\">WAS IST DIE MINDESTBESTELLMENGE?<span class = \"tatsu-accordion-expand\"><\/span><\/h3><div class = \"accordion-content body\" ><div class = \"accordion-content-inner \">\n<p>Rollformen ist besonders kosteneffizient bei gr\u00f6\u00dferen Volumina > 10.000 m. Bendiro bietet als Standard eine Mindestbestellmenge von 5.000 m an. Kleinere Mengen sind im Einzelfall verhandelbar.<\/p>\n<p><span style=\"color: #2bb6b7;\"><a style=\"color: #2bb6b7;\" href=\"https:\/\/bendiro.se\/de\/produktion\/fakten\/\">Mehr erfahren<\/a><\/span><\/p>\n<\/div><\/div><h3 class=\"accordion-head h6\">WELCHE HERSTELLUNGSMETHODEN KANN ROLLFORMEN ERSETZEN UND WELCHE VORTEILE BIETET SIE?<span class = \"tatsu-accordion-expand\"><\/span><\/h3><div class = \"accordion-content body\" ><div class = \"accordion-content-inner \">\n<p>Rollformen ist eine einzigartige Fertigungsmethode, die viele Vorteile von Abkanten, Aluminium-Extrusion und werkzeuggest\u00fctzter Pressung kombiniert.<\/p>\n<p>Vorteile der Rollformung:<\/p>\n<ul>\n<li>\n<p>Automatisierte Produktion mit integrierter Stanzung.<\/p>\n<\/li>\n<li>\n<p>M\u00f6glichkeit zur Herstellung komplexer Profile in gro\u00dfen Mengen.<\/p>\n<\/li>\n<li>\n<p>Integriertes Zuschneiden auf Kundenwunsch.<\/p>\n<\/li>\n<li>\n<p>Werkzeuggebundene Produktion mit hoher Wiederholgenauigkeit.<\/p>\n<\/li>\n<li>\n<p>Herstellung lasergeschwei\u00dfter, rohr\u00e4hnlicher Profile m\u00f6glich.<\/p>\n<\/li>\n<li>\n<p>\u201eL\u00f6cher inklusive\u201c \u2013 das Stanzen ist ein integraler Prozessschritt.<span style=\"color: #2bb6b7;\">\u00a0<\/span><\/p>\n<\/li>\n<\/ul>\n<p><span style=\"color: #2bb6b7;\"><a style=\"color: #2bb6b7;\" href=\"https:\/\/bendiro.se\/de\/produktion\/rollformung\/\">Mehr erfahren<\/a><\/span><\/p>\n<\/div><\/div><h3 class=\"accordion-head h6\">F\u00dcR WELCHE BRANCHEN UND KUNDENTYPEN IST BENDIRO LIEFERANT?<span class = \"tatsu-accordion-expand\"><\/span><\/h3><div class = \"accordion-content body\" ><div class = \"accordion-content-inner \">\n<p>Bendiro produziert Profile f\u00fcr viele verschiedene Bereiche, z. B.:<\/p>\n<ul>\n<li>Erneuerbare Energien<\/li>\n<li>\n<p>Fahrzeugindustrie<\/p>\n<\/li>\n<li>\n<p>Bauindustrie<\/p>\n<\/li>\n<li>\n<p>M\u00f6belindustrie<\/p>\n<\/li>\n<li>Ladeneinrichtungen<\/li>\n<li>\n<p>Transportwesen<\/p>\n<\/li>\n<li>\n<p>Lagertechnik<\/p>\n<\/li>\n<li>\n<p>Landwirtschaft<\/p>\n<\/li>\n<\/ul>\n<\/div><\/div><h3 class=\"accordion-head h6\">KOSTENEFFIZIENZ DER ROLLFORMUNG<span class = \"tatsu-accordion-expand\"><\/span><\/h3><div class = \"accordion-content body\" ><div class = \"accordion-content-inner \">\n<ul>\n<li>\n<p>Materialeffizient \u2192 hoher Materialausnutzungsgrad<\/p>\n<\/li>\n<li>\n<p>Energieeffizient \u2192 Kaltumformung ohne energieintensive Erw\u00e4rmung<\/p>\n<\/li>\n<\/ul>\n<\/div><\/div><h3 class=\"accordion-head h6\">WO PRODUZIERT BENDIRO?<span class = \"tatsu-accordion-expand\"><\/span><\/h3><div class = \"accordion-content body\" ><div class = \"accordion-content-inner \">\n<p>In Falkenberg an der schwedischen Westk\u00fcste, strategisch g\u00fcnstig an der E6 und der Westk\u00fcstenbahn gelegen. Gro\u00dfe Kapazit\u00e4t mit Just-in-Time-Lieferm\u00f6glichkeiten direkt zur Baustelle.<\/p>\n<p><span style=\"color: #2bb6b7;\"><a style=\"color: #2bb6b7;\" href=\"https:\/\/bendiro.se\/de\/ueber-uns\/geschaeftsidee\/\">Mehr erfahren<\/a><\/span><\/p>\n<\/div><\/div><h3 class=\"accordion-head h6\">WAS BEDEUTET \u201eBENDIRO COMPLETE\u201c?<span class = \"tatsu-accordion-expand\"><\/span><\/h3><div class = \"accordion-content body\" ><div class = \"accordion-content-inner \">\n<p>Bendiro bietet Dienstleistungen als Erg\u00e4nzung zur Rollformung an, wie z. B.:<\/p>\n<ul>\n<li>Lackierung<\/li>\n<li>\n<p>Lagerhaltung<\/p>\n<\/li>\n<li>\n<p>Entgraten der Profilenden f\u00fcr hohe Anforderungen<\/p>\n<\/li>\n<li>\n<p>Montage<\/p>\n<\/li>\n<li>\n<p>Biegen<\/p>\n<\/li>\n<li>\n<p>Zuschneiden<\/p>\n<\/li>\n<\/ul>\n<p><a href=\"https:\/\/bendiro.se\/de\/ueber-uns\/unser-angebot\/\"><span style=\"color: #2bb6b7;\">Mehr erfahren<\/span><\/a><\/p>\n<\/div><\/div><\/div><\/div><div  class=\"tatsu-module tatsu-text-block-wrap tatsu-Hy0hNkNm3  \"><div class=\"tatsu-text-inner   clearfix\" ><style>.tatsu-Hy0hNkNm3.tatsu-text-block-wrap .tatsu-text-inner{width: 62%;text-align: left;}.tatsu-Hy0hNkNm3.tatsu-text-block-wrap .tatsu-text-inner *{text-transform : uppercase;font-size : 20px;}<\/style>\n<h3><strong>MATERIALEN<\/strong><\/h3>\n<\/div><\/div><div  class=\"tatsu-module tatsu-accordion tatsu-accordion-style2 tatsu-Bk87mJEmn   \"  ><style>.tatsu-Bk87mJEmn .accordion-head:hover{color: rgba(43,182,183,1) ;}.tatsu-Bk87mJEmn .accordion-content.ui-accordion-content{border-color: #CACACA; }.tatsu-Bk87mJEmn .accordion-head.ui-accordion-header{border-color: #CACACA; }.tatsu-Bk87mJEmn.tatsu-module{margin: 0px 0px 30px 0px;}<\/style><div data-collapsed=\"1\" class = \"tatsu-accordion-inner\"><h3 class=\"accordion-head h6\">WELCHE MATERIALIEN K\u00d6NNEN ROLLGEFORMT WERDEN?<span class = \"tatsu-accordion-expand\"><\/span><\/h3><div class = \"accordion-content body\" ><div class = \"accordion-content-inner \">\n<p>Alle biegbaren Materialien k\u00f6nnen rollgeformt werden. Grunds\u00e4tzlich bedeutet dies, dass alle Materialien, die als Coil verf\u00fcgbar sind, rollgeformt werden k\u00f6nnen \u2013 selbst extrem hochfeste oder schwierig umformbare Werkstoffe. Beispiele f\u00fcr t\u00e4glich rollgeformte Materialien bei Bendiro:<\/p>\n<p data-start=\"978\" data-end=\"1064\"><strong data-start=\"978\" data-end=\"1002\">Aluminiumlegierungen<\/strong><br data-start=\"1002\" data-end=\"1005\" \/>\u2022 EN-AW 1050<br data-start=\"1017\" data-end=\"1020\" \/>\u2022 EN-AW 5754<br data-start=\"1032\" data-end=\"1035\" \/>\u2022 CO\u2082-reduziertes Aluminium<\/p>\n<p data-start=\"1066\" data-end=\"1180\"><strong data-start=\"1066\" data-end=\"1090\">Unlegierte Baust\u00e4hle<\/strong><br data-start=\"1090\" data-end=\"1093\" \/>\u2022 DC01<br data-start=\"1099\" data-end=\"1102\" \/>\u2022 S235J<br data-start=\"1109\" data-end=\"1112\" \/>\u2022 S355J<br data-start=\"1119\" data-end=\"1122\" \/>\u2022 Ymagine D1<br data-start=\"1134\" data-end=\"1137\" \/>\u2022 Weitere unbehandelte Standardwerkstoffe<\/p>\n<p data-start=\"1182\" data-end=\"1278\"><strong data-start=\"1182\" data-end=\"1211\">Metallbeschichtete St\u00e4hle<\/strong><br data-start=\"1211\" data-end=\"1214\" \/>\u2022 DX51D<br data-start=\"1221\" data-end=\"1224\" \/>\u2022 S220GD<br data-start=\"1232\" data-end=\"1235\" \/>\u2022 Weitere beschichtete Standardwerkstoffe<\/p>\n<p data-start=\"1280\" data-end=\"1356\"><strong data-start=\"1280\" data-end=\"1306\">Hochfeste St\u00e4hle (HSS)<\/strong><br data-start=\"1306\" data-end=\"1309\" \/>\u2022 S280\u2013420GD<br data-start=\"1321\" data-end=\"1324\" \/>\u2022 HC340\u2013420LA<br data-start=\"1337\" data-end=\"1340\" \/>\u2022 HX340\u2013420LAD<\/p>\n<p data-start=\"1358\" data-end=\"1473\"><strong data-start=\"1358\" data-end=\"1407\">Hoch- und ultrahochfeste St\u00e4hle (AHSS \/ UHSS)<\/strong><br data-start=\"1407\" data-end=\"1410\" \/>\u2022 HCT780X<br data-start=\"1419\" data-end=\"1422\" \/>\u2022 Docol DP1200M<br data-start=\"1437\" data-end=\"1440\" \/>\u2022 Docol DP1500<br data-start=\"1454\" data-end=\"1457\" \/>\u2022 Docol DP1700<\/p>\n<p data-start=\"1475\" data-end=\"1566\"><strong data-start=\"1475\" data-end=\"1499\">Nichtrostende St\u00e4hle<\/strong><br data-start=\"1499\" data-end=\"1502\" \/>\u2022 Ferritische<br data-start=\"1515\" data-end=\"1518\" \/>\u2022 Austenitische<br data-start=\"1533\" data-end=\"1536\" \/>\u2022 S\u00e4urebest\u00e4ndige Qualit\u00e4ten<\/p>\n<p data-start=\"1568\" data-end=\"1700\"><strong data-start=\"1568\" data-end=\"1612\">CO\u2082-reduzierte &amp; fossilfreie Materialien<\/strong><br data-start=\"1612\" data-end=\"1615\" \/>\u2022 CO\u2082-reduzierte Stahlqualit\u00e4ten<br data-start=\"1647\" data-end=\"1650\" \/>\u2022 Fossilfreier Stahl<br data-start=\"1670\" data-end=\"1673\" \/>\u2022 Rezyklierte Materialien<\/p>\n<p data-start=\"1702\" data-end=\"1758\"><strong data-start=\"1702\" data-end=\"1724\">Spezialmaterialien<\/strong><br data-start=\"1724\" data-end=\"1727\" \/>\u2022 Kupfer<br data-start=\"1735\" data-end=\"1738\" \/>\u2022 Nickel<br data-start=\"1746\" data-end=\"1749\" \/>\u2022 Titan<\/p>\n<p><span style=\"color: #2bb6b7;\"><a style=\"color: #2bb6b7;\" href=\"https:\/\/bendiro.se\/de\/produktion\/materialauswahl\/\">Mehr erfahren<\/a><\/span><\/p>\n<\/div><\/div><h3 class=\"accordion-head h6\">K\u00d6NNEN BESCHICHTETE MATERIALIEN ROLLGEFORMT WERDEN?<span class = \"tatsu-accordion-expand\"><\/span><\/h3><div class = \"accordion-content body\" ><div class = \"accordion-content-inner \">\n<p>Ja. Alle Arten metallbeschichteter Materialien (z. B. verzinkt, Zink-Magnesium, Aluzink). Auch vorglackierte oder folierte Materialien k\u00f6nnen rollgeformt werden.<\/p>\n<p><span style=\"color: #2bb6b7;\"><a style=\"color: #2bb6b7;\" href=\"https:\/\/bendiro.se\/de\/produktion\/materialauswahl\/\">Mehr erfahren<\/a><\/span><\/p>\n<\/div><\/div><h3 class=\"accordion-head h6\">WELCHE MATERIALST\u00c4RKEN KANN BENDIRO ROLLFORMEN?<span class = \"tatsu-accordion-expand\"><\/span><\/h3><div class = \"accordion-content body\" ><div class = \"accordion-content-inner \">\n<p>Materialst\u00e4rken von 0,3 mm bis 3,0 mm.<\/p>\n<p><span style=\"color: #2bb6b7;\"><a style=\"color: #2bb6b7;\" href=\"https:\/\/bendiro.se\/de\/produktion\/fakten\/\">Mehr erfahren<\/a><\/span><\/p>\n<\/div><\/div><\/div><\/div><div  class=\"tatsu-module tatsu-text-block-wrap tatsu-Hk-gS1NQ3  \"><div class=\"tatsu-text-inner   clearfix\" ><style>.tatsu-Hk-gS1NQ3.tatsu-text-block-wrap .tatsu-text-inner{width: 62%;text-align: left;}.tatsu-Hk-gS1NQ3.tatsu-text-block-wrap .tatsu-text-inner *{text-transform : uppercase;font-size : 20px;}@media only screen and (max-width: 767px) {.tatsu-Hk-gS1NQ3.tatsu-text-block-wrap .tatsu-text-inner{width: 100%;}}<\/style>\n<h3><strong>NACHHALTIGKEIT UND ENERGIE<\/strong><\/h3>\n<\/div><\/div><div  class=\"tatsu-module tatsu-accordion tatsu-accordion-style2 tatsu-BJOAmJ472   \"  ><style>.tatsu-BJOAmJ472 .accordion-head:hover{color: rgba(43,182,183,1) ;}.tatsu-BJOAmJ472 .accordion-content.ui-accordion-content{border-color: #CACACA; }.tatsu-BJOAmJ472 .accordion-head.ui-accordion-header{border-color: #CACACA; }.tatsu-BJOAmJ472.tatsu-module{margin: 0 0 60px 0;}<\/style><div data-collapsed=\"1\" class = \"tatsu-accordion-inner\"><h3 class=\"accordion-head h6\">WIE NACHHALTIG IST ROLLFORMEN?<span class = \"tatsu-accordion-expand\"><\/span><\/h3><div class = \"accordion-content body\" ><div class = \"accordion-content-inner \">\n<p>Mit einem Materialausnutzungsgrad von \u00fcber 95 % ist Rollformen eine nachhaltige und zukunftsf\u00e4hige Produktionsmethode. Vorteile sind u.a.:<\/p>\n<ul>\n<li>\n<p>Weniger Erzabbau<\/p>\n<\/li>\n<li>\n<p>Weniger Stahlproduktion<\/p>\n<\/li>\n<li>\n<p>Weniger Transportaufwand<\/p>\n<\/li>\n<li>\n<p>Weniger Recyclingbedarf<\/p>\n<\/li>\n<\/ul>\n<p>Rollformen erm\u00f6glicht zudem Profile aus hochfesten Werkstoffen, die zu leichteren und dennoch robusten Konstruktionen f\u00fchren. Stahl ist ein nahezu vollst\u00e4ndig recycelbares Material und wird k\u00fcnftig verst\u00e4rkt fossilfrei hergestellt \u2013 optimal f\u00fcr nachhaltige Produktion.<\/p>\n<p><span style=\"color: #2bb6b7;\"><a style=\"color: #2bb6b7;\" href=\"https:\/\/bendiro.se\/de\/nachhaltigkeit\/\">Mehr erfahren<\/a><\/span><\/p>\n<\/div><\/div><h3 class=\"accordion-head h6\">WIE HOCH IST DER ENERGIEVERBRAUCH BEI DER ROLLFORMUNG?<span class = \"tatsu-accordion-expand\"><\/span><\/h3><div class = \"accordion-content body\" ><div class = \"accordion-content-inner \">\n<p>Die Rollformung bei Bendiro ist sehr energieeffizient:<\/p>\n<ul>\n<li>\n<p>Alle Umformungen erfolgen kalt (keine energieintensive Erw\u00e4rmung notwendig)<\/p>\n<\/li>\n<li>Die schonende Umformung ben\u00f6tigt minimal Energie<\/li>\n<\/ul>\n<p><span style=\"color: #2bb6b7;\"><a style=\"color: #2bb6b7;\" href=\"https:\/\/bendiro.se\/de\/nachhaltigkeit\/\">Mehr erfahren<\/a><\/span><\/p>\n<p><a href=\"https:\/\/bendiro.se\/de\/2023\/02\/06\/our-carbon-footprint\/\"><span style=\"color: #2bb6b7;\">Mehr erfahren Carbon footprint<\/span><\/a><\/p>\n<\/div><\/div><\/div><\/div><\/div><\/div><div class = \"tatsu-column-bg-image-wrap\"><div class = \"tatsu-column-bg-image tatsu-bg-lazyload\" data-src = \"\"><\/div><\/div><div class=\"tatsu-overlay tatsu-column-overlay tatsu-animate-none\" ><\/div><\/div><style>.tatsu-row > .tatsu-BJFKklUe3.tatsu-column{width: 100%;}.tatsu-BJFKklUe3.tatsu-column > .tatsu-column-inner > .tatsu-column-overlay{mix-blend-mode: normal;}.tatsu-BJFKklUe3 > .tatsu-column-inner > .tatsu-top-divider{z-index: 9999;}.tatsu-BJFKklUe3 > .tatsu-column-inner > .tatsu-bottom-divider{z-index: 9999;}.tatsu-BJFKklUe3 > .tatsu-column-inner > .tatsu-left-divider{z-index: 9999;}.tatsu-BJFKklUe3 > .tatsu-column-inner > .tatsu-right-divider{z-index: 9999;}@media only screen and (max-width:1377px) {.tatsu-row > .tatsu-BJFKklUe3.tatsu-column{width: 100%;}}@media only screen and (min-width:768px) and (max-width: 1024px) {.tatsu-row > .tatsu-BJFKklUe3.tatsu-column{width: 100%;}}@media only screen and (max-width: 767px) {.tatsu-row > .tatsu-BJFKklUe3.tatsu-column{width: 100%;}}<\/style><\/div><\/div><\/div><\/div><div class=\"tatsu-section-background-wrap\"><div class = \"tatsu-section-background tatsu-bg-lazyload\" data-src = \"\"><\/div><\/div><div class=\"tatsu-overlay tatsu-section-overlay\"><\/div><style>.tatsu-HkZKKygIeh .tatsu-section-pad{padding: 90px 0px 90px 0px;}.tatsu-HkZKKygIeh .tatsu-section-offset-wrap{transform: translateY(-0px);}.tatsu-HkZKKygIeh > .tatsu-bottom-divider{z-index: 9999;}.tatsu-HkZKKygIeh > .tatsu-top-divider{z-index: 9999;}.tatsu-HkZKKygIeh .tatsu-section-overlay{mix-blend-mode: normal;}<\/style><\/div>\n","protected":false},"excerpt":{"rendered":"<p><a href=\"https:\/\/bendiro.se\/de\/faq\/\" class=\"exp-read-more exp-read-more-dots\">&#8230;<\/a><\/p>\n","protected":false},"author":1,"featured_media":0,"parent":0,"menu_order":0,"comment_status":"closed","ping_status":"closed","template":"","meta":{"footnotes":""},"class_list":["post-9194","page","type-page","status-publish","hentry"],"_links":{"self":[{"href":"https:\/\/bendiro.se\/de\/wp-json\/wp\/v2\/pages\/9194","targetHints":{"allow":["GET"]}}],"collection":[{"href":"https:\/\/bendiro.se\/de\/wp-json\/wp\/v2\/pages"}],"about":[{"href":"https:\/\/bendiro.se\/de\/wp-json\/wp\/v2\/types\/page"}],"author":[{"embeddable":true,"href":"https:\/\/bendiro.se\/de\/wp-json\/wp\/v2\/users\/1"}],"replies":[{"embeddable":true,"href":"https:\/\/bendiro.se\/de\/wp-json\/wp\/v2\/comments?post=9194"}],"version-history":[{"count":91,"href":"https:\/\/bendiro.se\/de\/wp-json\/wp\/v2\/pages\/9194\/revisions"}],"predecessor-version":[{"id":11165,"href":"https:\/\/bendiro.se\/de\/wp-json\/wp\/v2\/pages\/9194\/revisions\/11165"}],"wp:attachment":[{"href":"https:\/\/bendiro.se\/de\/wp-json\/wp\/v2\/media?parent=9194"}],"curies":[{"name":"wp","href":"https:\/\/api.w.org\/{rel}","templated":true}]}}